{"id":180,"date":"2024-01-22T23:02:53","date_gmt":"2024-01-22T23:02:53","guid":{"rendered":"https:\/\/bull-republic.com\/br\/?post_type=product&#038;p=180"},"modified":"2024-01-22T23:04:06","modified_gmt":"2024-01-22T23:04:06","slug":"blusa-de-mezclilla","status":"publish","type":"product","link":"https:\/\/bull-republic.com\/br\/producto\/blusa-de-mezclilla\/","title":{"rendered":"Blusa de Mezclilla"},"content":{"rendered":"","protected":false},"excerpt":{"rendered":"<p>Donde la feminidad se encuentra con la elegancia r\u00fastica en nuestra cautivadora secci\u00f3n de blusas para mujeres estilo Western! Descubre la perfecta fusi\u00f3n entre la moda contempor\u00e1nea y la esencia del salvaje oeste en cada blusa que ofrecemos.<\/p>\n","protected":false},"featured_media":181,"comment_status":"open","ping_status":"closed","template":"","meta":[],"product_cat":[20],"product_tag":[],"class_list":{"0":"post-180","1":"product","2":"type-product","3":"status-publish","4":"has-post-thumbnail","6":"product_cat-blusas","8":"first","9":"instock","10":"shipping-taxable","11":"purchasable","12":"product-type-simple"},"_links":{"self":[{"href":"https:\/\/bull-republic.com\/br\/wp-json\/wp\/v2\/product\/180","targetHints":{"allow":["GET"]}}],"collection":[{"href":"https:\/\/bull-republic.com\/br\/wp-json\/wp\/v2\/product"}],"about":[{"href":"https:\/\/bull-republic.com\/br\/wp-json\/wp\/v2\/types\/product"}],"replies":[{"embeddable":true,"href":"https:\/\/bull-republic.com\/br\/wp-json\/wp\/v2\/comments?post=180"}],"wp:featuredmedia":[{"embeddable":true,"href":"https:\/\/bull-republic.com\/br\/wp-json\/wp\/v2\/media\/181"}],"wp:attachment":[{"href":"https:\/\/bull-republic.com\/br\/wp-json\/wp\/v2\/media?parent=180"}],"wp:term":[{"taxonomy":"product_cat","embeddable":true,"href":"https:\/\/bull-republic.com\/br\/wp-json\/wp\/v2\/product_cat?post=180"},{"taxonomy":"product_tag","embeddable":true,"href":"https:\/\/bull-republic.com\/br\/wp-json\/wp\/v2\/product_tag?post=180"}],"curies":[{"name":"wp","href":"https:\/\/api.w.org\/{rel}","templated":true}]}}